{"id":17001,"date":"2019-11-01T14:32:01","date_gmt":"2019-11-01T07:32:01","guid":{"rendered":"http:\/\/wp.nootheme.com\/jobelementor\/?page_id=17001"},"modified":"2024-07-20T11:51:34","modified_gmt":"2024-07-20T15:51:34","slug":"recruitment-home","status":"publish","type":"page","link":"https:\/\/kaizenconsultingroup.com\/fr\/","title":{"rendered":"Kaizen Consulting"},"content":{"rendered":"<div data-elementor-type=\"wp-page\" data-elementor-id=\"17001\" class=\"elementor elementor-17001\" data-elementor-post-type=\"page\">\n\t\t\t\t<div class=\"elementor-element elementor-element-fe772e5 e-flex e-con-boxed e-con e-parent\" data-id=\"fe772e5\" data-element_type=\"container\" data-settings=\"{&quot;background_background&quot;:&quot;classic&quot;}\">\n\t\t\t\t\t<div class=\"e-con-inner\">\n\t\t\t\t<div class=\"elementor-element elementor-element-b0fd6be recruitment_resonsive elementor-widget elementor-widget-noo_advanced_search\" data-id=\"b0fd6be\" data-element_type=\"widget\" data-widget_type=\"noo_advanced_search.default\">\n\t\t\t\t<div class=\"elementor-widget-container\">\n\t\t\t        <div class=\"noo-job-search-wrapper noo-job-search-elementor-widget\" id=\"job-search-slider-1 \" >\n                                                <!-- <div class=\"job-search-bg-image\"><\/div> -->\n                                                                <div class=\"job-search-bg-image\">\n                    <div class=\"container job-advanced-search-container\">\n                        <div class=\"job-advanced-search center horizontal column-3 style-1\">\n                            <div class=\"job-search-info center\">\n                                                                    <h2 class=\"search-main-title\" style=\"color: #ffffff\">\n                                        \u00ab Votre r\u00e9ussite professionnelle commence avec nous. \u00bb                                    <\/h2>\n                                                                                                    <p class=\"search-sub-title\">\n                                        Trouvez votre prochaine opportunit\u00e9 professionnelle                                    <\/p>\n                                                            <\/div>\n                            <div class=\"job-advanced-search-wrap\">\n                                <form method=\"get\" class=\"form-inline\"\n                                      action=\"https:\/\/kaizenconsultingroup.com\/fr\/jobs\/\" data-trp-original-action=\"https:\/\/kaizenconsultingroup.com\/fr\/jobs\/\">\n                                    <div class=\"job-advanced-search-form\">\n                                                                                    <div class=\"form-group\">\n                                                <label class=\"sr-only\" for=\"search-keyword \">\n                                                    Mot-cl\u00e9   \n                                                <\/label>\n                                                <input type=\"text\" class=\"form-control\" id=\"search-keyword\" name=\"s\"\n                                                       placeholder=\"Entrez le titre du poste\"\n                                                       value=\"\">\n                                            <\/div>\n                                                                                        <div class=\"form-group\" data-placeholder=\"Address\">\n            <label for=\"search-_full_address\" class=\"control-label\">\n                Adresse            <\/label>\n            <div class=\"advance-search-form-control\">\n                \t\t\t\t\t\t\t\t\t\t<div class=\"x noo-location-picker-field-wrap\">\n                <input id=\"noo-mb-location-address69dbb3dcbfddc\"  class=\"noo-mb-location-address form-control\" type=\"text\" name=\"_full_address69dbb3dcbfddc\" value=\"\" placeholder=\"Entrez une adresse exacte.\" \/>\n                <input type=\"hidden\" class=\"noo-mb-lat\" id=\"noo-mb-lat69dbb3dcbfddc\" name=\"_full_address69dbb3dcbfddc_lat\" value=\"\">\n                <input type=\"hidden\" class=\"noo-mb-lon\" id=\"noo-mb-lon69dbb3dcbfddc\" name=\"_full_address69dbb3dcbfddc_lon\" value=\"\">\n                <div class=\"noo-mb-job-location\" data-uniq='69dbb3dcbfddc' id=\"_full_address69dbb3dcbfddc\" data-lat=\"\"\n                     data-lon=\"\" style=\"height: 300px;\">\n                <\/div>\n            <\/div>\n            \t\t            <\/div>\n        <\/div>\n                                                <div class=\"form-action\">\n                                            <button type=\"submit\" class=\"btn btn-primary btn-search-submit\">\n                                                Rechercher maintenant                                            <\/button>\n                                        <\/div>\n                                    <\/div>\n                                <input type=\"hidden\" name=\"trp-form-language\" value=\"fr\"\/><\/form>\n                            <\/div>\n                                                            <div class=\"job-search-info center\">\n                                    <!--\n<p style=\"color:white;margin-top:10px;\"> Key word : <a href=\"#\">Java<\/a> , <a href=\"#\">CSS <\/a>, <a href=\"#\">Html <\/a>, <a href=\"#\">Design<\/a><\/p>\n-->                                <\/div>\n                                                    <\/div>\n                    <\/div>\n                <\/div>\n                    <\/div>\n\n        \t\t<\/div>\n\t\t\t\t<\/div>\n\t\t\t\t\t<\/div>\n\t\t\t\t<\/div>\n\t\t<div class=\"elementor-element elementor-element-f8c76df e-flex e-con-boxed e-con e-parent\" data-id=\"f8c76df\" data-element_type=\"container\" data-settings=\"{&quot;background_background&quot;:&quot;classic&quot;}\">\n\t\t\t\t\t<div class=\"e-con-inner\">\n\t\t<div class=\"elementor-element elementor-element-28d184b e-con-full e-flex e-con e-child\" data-id=\"28d184b\" data-element_type=\"container\">\n\t\t\t\t<div class=\"elementor-element elementor-element-a997c08 elementor-widget elementor-widget-noo_text_info\" data-id=\"a997c08\" data-element_type=\"widget\" data-widget_type=\"noo_text_info.default\">\n\t\t\t\t<div class=\"elementor-widget-container\">\n\t\t\t        <div class=\"noo-heading-sc noo_text_info noo-text-info-widget\">\n                            <h3 class=\"noo-title-sc\">\n                    Bienvenue \u00e0 <b>KAIZEN CONSULTING<\/b>                <\/h3>\n            \n            \n        <\/div>\n        \t\t<\/div>\n\t\t\t\t<\/div>\n\t\t\t\t<div class=\"elementor-element elementor-element-7d991bf elementor-widget elementor-widget-text-editor\" data-id=\"7d991bf\" data-element_type=\"widget\" data-widget_type=\"text-editor.default\">\n\t\t\t\t<div class=\"elementor-widget-container\">\n\t\t\t<style>\/*! elementor - v3.23.0 - 15-07-2024 *\/\n.elementor-widget-text-editor.elementor-drop-cap-view-stacked .elementor-drop-cap{background-color:#69727d;color:#fff}.elementor-widget-text-editor.elementor-drop-cap-view-framed .elementor-drop-cap{color:#69727d;border:3px solid;background-color:transparent}.elementor-widget-text-editor:not(.elementor-drop-cap-view-default) .elementor-drop-cap{margin-top:8px}.elementor-widget-text-editor:not(.elementor-drop-cap-view-default) .elementor-drop-cap-letter{width:1em;height:1em}.elementor-widget-text-editor .elementor-drop-cap{float:left;text-align:center;line-height:1;font-size:50px}.elementor-widget-text-editor .elementor-drop-cap-letter{display:inline-block}<\/style>\t\t\t\t<div class=\"flex-shrink-0 flex flex-col relative items-end\">\n<div class=\"pt-0.5 juice:pt-0\">\n<div class=\"gizmo-bot-avatar flex h-6 w-6 items-center justify-center overflow-hidden rounded-full juice:h-8 juice:w-8\">\n<div class=\"relative p-1 rounded-sm flex items-center justify-center bg-token-main-surface-primary text-token-text-primary h-8 w-8\">\n\nNous sommes un bureau de placement proche de chez vous pour vous aider \u00e0 trouver ce que vous recherchez. Tout type de travaux, confiance <strong>Kaizen Consulting<\/strong> pour votre carri\u00e8re.\n<ul>\n \t<li><strong>Adresse:<\/strong> <a href=\"https:\/\/www.google.ca\/maps\/place\/6299+Rue+de+la+Villanelle,+Montr%C3%A9al,+QC+H1S+1W2\/@45.5898331,-73.5782926,17z\/data=!3m1!4b1!4m6!3m5!1s0x4cc91e8bf032964b:0x14e44e4aead390a7!8m2!3d45.5898331!4d-73.5757177!16s%2Fg%2F11hzz3q1zc?entry=ttu\" target=\"_blank\" rel=\"noopener\">6299 Rue de la Villanelle, Montr\u00e9al, QC H1S 1W2<\/a> <br \/>(Sur rendez-vous)<\/li>\n \t<li><strong>Num\u00e9ro de t\u00e9l\u00e9phone:\u00a0<\/strong><a href=\"tel:0014386861780\">(438)686-1780<\/a><\/li>\n \t<li>Ouvert du lundi au vendredi de 10h00 \u00e0 17h00<\/li>\n<\/ul>\n<\/div>\n<\/div>\n<\/div>\n<\/div>\t\t\t\t\t\t<\/div>\n\t\t\t\t<\/div>\n\t\t\t\t<\/div>\n\t\t<div class=\"elementor-element elementor-element-8c2558b e-con-full e-flex e-con e-child\" data-id=\"8c2558b\" data-element_type=\"container\" data-settings=\"{&quot;background_background&quot;:&quot;classic&quot;}\">\n\t\t\t\t<div class=\"elementor-element elementor-element-3bb1887 elementor-widget elementor-widget-image\" data-id=\"3bb1887\" data-element_type=\"widget\" data-widget_type=\"image.default\">\n\t\t\t\t<div class=\"elementor-widget-container\">\n\t\t\t<style>\/*! elementor - v3.23.0 - 15-07-2024 *\/\n.elementor-widget-image{text-align:center}.elementor-widget-image a{display:inline-block}.elementor-widget-image a img[src$=\".svg\"]{width:48px}.elementor-widget-image img{vertical-align:middle;display:inline-block}<\/style>\t\t\t\t\t\t\t\t\t\t<img fetchpriority=\"high\" decoding=\"async\" width=\"771\" height=\"539\" src=\"https:\/\/kaizenconsultingroup.com\/wp-content\/uploads\/2018\/02\/we_are_no1.png\" class=\"attachment-large size-large wp-image-12158\" alt=\"\" srcset=\"https:\/\/kaizenconsultingroup.com\/wp-content\/uploads\/2018\/02\/we_are_no1.png 771w, https:\/\/kaizenconsultingroup.com\/wp-content\/uploads\/2018\/02\/we_are_no1-600x419.png 600w, https:\/\/kaizenconsultingroup.com\/wp-content\/uploads\/2018\/02\/we_are_no1-300x210.png 300w, https:\/\/kaizenconsultingroup.com\/wp-content\/uploads\/2018\/02\/we_are_no1-768x537.png 768w, https:\/\/kaizenconsultingroup.com\/wp-content\/uploads\/2018\/02\/we_are_no1-200x140.png 200w, https:\/\/kaizenconsultingroup.com\/wp-content\/uploads\/2018\/02\/we_are_no1-100x70.png 100w\" sizes=\"(max-width: 771px) 100vw, 771px\" \/>\t\t\t\t\t\t\t\t\t\t\t\t\t<\/div>\n\t\t\t\t<\/div>\n\t\t\t\t<\/div>\n\t\t\t\t\t<\/div>\n\t\t\t\t<\/div>\n\t\t<div class=\"elementor-element elementor-element-a3c53d8 e-flex e-con-boxed e-con e-parent\" data-id=\"a3c53d8\" data-element_type=\"container\">\n\t\t\t\t\t<div class=\"e-con-inner\">\n\t\t\t\t<div class=\"elementor-element elementor-element-24bc54e elementor-widget elementor-widget-noo_text_info\" data-id=\"24bc54e\" data-element_type=\"widget\" data-widget_type=\"noo_text_info.default\">\n\t\t\t\t<div class=\"elementor-widget-container\">\n\t\t\t        <div class=\"noo-heading-sc noo_text_info noo-text-info-widget\">\n                            <h3 class=\"noo-title-sc\">\n                    R\u00e9cent <b>Emplois<\/b>                <\/h3>\n            \n            \n        <\/div>\n        \t\t<\/div>\n\t\t\t\t<\/div>\n\t\t\t\t<div class=\"elementor-element elementor-element-6c4861b elementor-widget elementor-widget-noo_job_resume_alert\" data-id=\"6c4861b\" data-element_type=\"widget\" data-widget_type=\"noo_job_resume_alert.default\">\n\t\t\t\t<div class=\"elementor-widget-container\">\n\t\t\t        <div class=\"noo-job-resume-alert-elementor-widget\">\n            <div class=\"noo-job-resume-alert\">\n                                        <div class=\"noo-btn-job-alert-form shortcode\">\n                            <i aria-hidden=\"true\" class=\"fas fa-star\"><\/i>                            <span>Cr\u00e9er une alerte<\/span>\n                        <\/div>\n                    <div id=\"modalJobAlertForm\" class=\"modal fade modalJobAlertForm\" tabindex=\"-1\"\n     role=\"dialog\"\n     aria-labelledby=\"modalJobAlertForm\"\n     aria-hidden=\"true\">\n    <div class=\"modal-dialog noo-form-job-alert-dialog\">\n\n        <div class=\"modal-content noo-form-job-alert-wrap\">\n            <div class=\"modal-header\">\n                <button type=\"button\" class=\"close\" data-dismiss=\"modal\" aria-label=\"Fermer\"><span\n                            aria-hidden=\"true\">\u00d7<\/span><\/button>\n                <h4 class=\"modal-title text-center\">Alerte nouvel emploi<\/h4>\n            <\/div>\n            <div class=\"modal-body\">\n                <h4>Ne manquez jamais une occasion\u00a0!<\/h4>\n                <p>Faites-nous part de vos attentes en mati\u00e8re d&#039;emploi, afin que nous puissions mieux vous trouver des emplois\u00a0!<\/p>\n                <form class=\"noo-job-alert-form\" action=\"\">\n\n                    <div class=\"row\">\n                            <div class=\"col-sm-6\">\n                                                                    <div class=\"form-group required-field\">\n                                        <label for=\"job_alert_email\">E-mail<\/label>\n                                        <input required type=\"email\" class=\"form-control\" id=\"job_alert_email\"\n                                               name=\"job_alert_email\"\n                                               placeholder=\"Entrer votre Email\">\n                                    <\/div>\n                                                            <\/div>\n                           <div class=\"col-sm-6\">\n                               <div class=\"form-group\">\n                                   <label for=\"job_alert_keywords\">Mots cl\u00e9s<\/label>\n                                   <input type=\"text\" class=\"form-control\" id=\"job_alert_keywords\"\n                                          name=\"job_alert_keywords\"\n                                          value=\"\"\n                                          placeholder=\"Entrez des mots-cl\u00e9s pour correspondre aux emplois\">\n                               <\/div>\n                           <\/div>\n                         <div class=\"col-sm-6\">\n                             <div class=\"form-group\"\n                                  data-placeholder=\"Select frequency\">\n                                 <label for=\"job_alert_frequency\">Fr\u00e9quence des e-mails<\/label>\n                                                                  <select class=\"form-control\" name=\"job_alert_frequency\" id=\"job_alert_frequency\">\n                                                                              <option value=\"daily\">Tous les jours<\/option>\n                                                                              <option value=\"weekly\">Hebdomadaire<\/option>\n                                                                              <option value=\"fortnight\">Bimensuel<\/option>\n                                                                              <option value=\"monthly\">Mensuel<\/option>\n                                                                      <\/select>\n                             <\/div>\n                         <\/div>\n                                                            <div class=\"col-sm-6\">\n                                      <div class=\"form-group\" data-placeholder=\"Job Categories\">\n            <label for=\"search-category\" class=\"control-label\">\n                Cat\u00e9gories d&#039;emploi            <\/label>\n            <div class=\"advance-search-form-control\">\n                <select multiple name='category[]' id='noo-field-job_category69dbb3dcc266a' class='form-control noo-select form-control-chosen'>\n<\/select>\n            <\/div>\n        <\/div>\n                                          <\/div>\n                                                          <div class=\"col-sm-6\">\n                                      <div class=\"form-group\" data-placeholder=\"Job Types\">\n            <label for=\"search-type\" class=\"control-label\">\n                Types d&#039;emplois            <\/label>\n            <div class=\"advance-search-form-control\">\n                <select  name='type' id='noo-field-job_type69dbb3dcc29bc' class='form-control noo-select form-control-chosen'>\n\t<option value='' selected='selected'>Types d&#039;emplois<\/option>\n\t<option class=\"level-0\" value=\"contract\">Contracter<\/option>\n\t<option class=\"level-0\" value=\"freelance\">Free-lance<\/option>\n\t<option class=\"level-0\" value=\"full-time\">\u00c0 temps plein<\/option>\n\t<option class=\"level-0\" value=\"part-time\">\u00c0 temps partiel<\/option>\n<\/select>\n            <\/div>\n        <\/div>\n                                          <\/div>\n                                                          <div class=\"col-sm-6\">\n                                      <div class=\"form-group\" data-placeholder=\"By Distance\">\n            <label for=\"search-_noo_job_field_filter_distance\" class=\"control-label\">\n                Par distance            <\/label>\n            <div class=\"advance-search-form-control\">\n                                    <div class=\"job_advanced_search_by_distance-wrap\">\n                                            <div class=\"noo-location-picker-field-wrap\">\n                    <div class=\"map_type\">\n                        <input id=\"noo-mb-location-address-filter\" name=\"address\" class=\"noo-mb-location-address-filter form-control\"  type=\"text\" value=\"\" placeholder=\"Entrez une adresse exacte.\"  \/>\n                        <i class=\"fa fa-map-marker-alt geocode-location\"><\/i>\n                    <\/div>\n                    <input type=\"hidden\" name=\"current_unit\" value=\"mi\">\n                    <input type=\"hidden\" class=\"noo-mb-lat-filter\" id=\"noo-mb-lat-filter\" name=\"current_lat\" value=\"\">\n                    <input type=\"hidden\" class=\"noo-mb-lon-filter\" id=\"noo-mb-lon-filter\" name=\"current_lon\" value=\"\">\n                    <div class=\"noo-mb-job-location-filter\" id=\"_noo_job_field_filter_distance\">\n                    <\/div>\n                <\/div>\n                        <div class=\"form-group proximity_slider_wrapper\">\n                <input type=\"hidden\" name=\"filter_distance\" id=\"filter_distance\" value=\"\">\n                <div class=\"search-distance-label\"><input type=\"text\" class=\"text-distance\" readonly><\/div>\n                <div class=\"proximity_slider\" style=\"display: none\" data-value=\"5\" data-distance=\"mi\"><\/div>\n            <\/div>\n        <\/div>\n        <script type=\"text\/javascript\">\n           jQuery(\"#noo-mb-location-address\").on('change',function () {\n               var $form = jQuery(this).parents('.form-group');\n               $form.find('option:selected').removeAttr('selected');\n\n               $form.find('select.form-control').multiselect('refresh');\n               return false;\n           });\n           jQuery(window).on('keydown',function(event){\n               if(event.keyCode === 13) {\n                   event.preventDefault();\n                   return false;\n               }\n           });\n        <\/script>\n                    <\/div>\n        <\/div>\n                                          <\/div>\n                                                          <div class=\"col-sm-6\">\n                                                                <\/div>\n                                                          <div class=\"col-sm-6\">\n                                                                <\/div>\n                                                          <div class=\"col-sm-6\">\n                                                                <\/div>\n                                                          <div class=\"col-sm-6\">\n                                                                <\/div>\n                                                          <div class=\"col-sm-6\">\n                                                                <\/div>\n                          \n\n                    <\/div>\n\n                    <input type=\"hidden\" name=\"action\" value=\"noo_job_alert_popup\">\n                    <input type=\"hidden\" name=\"security\" value=\"179a0d1c38\"\/>\n\n                    <div class=\"form-group\">\n                        <p class=\"help-block noo-job-alert-notice\"><\/p>\n                    <\/div>\n\n                <input type=\"hidden\" name=\"trp-form-language\" value=\"fr\"\/><\/form>\n            <\/div>\n\n            <div class=\"modal-footer\">\n                <button type=\"submit\"\n                        class=\"btn btn-primary noo-btn-save-job-alert\">Sauvegarder<\/button>\n            <\/div>\n\n        <\/div>\n    <\/div>\n<\/div>\n            <\/div>\n        <\/div>\n\n    \t\t<\/div>\n\t\t\t\t<\/div>\n\t\t\t\t<div class=\"elementor-element elementor-element-117e3ff elementor-widget elementor-widget-noo_job\" data-id=\"117e3ff\" data-element_type=\"widget\" data-widget_type=\"noo_job.default\">\n\t\t\t\t<div class=\"elementor-widget-container\">\n\t\t\t<div class=\"job-elementor-widget\">                <div class=\"jobs posts-loop\">\n            <h3 class=\"text-center\">rien n&#039;a \u00e9t\u00e9 trouv\u00e9<\/h3>\n        <\/div>\n    <\/div>\t\t<\/div>\n\t\t\t\t<\/div>\n\t\t\t\t<div class=\"elementor-element elementor-element-86d07e5 elementor-align-center elementor-widget elementor-widget-button\" data-id=\"86d07e5\" data-element_type=\"widget\" data-widget_type=\"button.default\">\n\t\t\t\t<div class=\"elementor-widget-container\">\n\t\t\t\t\t<div class=\"elementor-button-wrapper\">\n\t\t\t<a class=\"elementor-button elementor-button-link elementor-size-sm elementor-animation-shrink\" href=\"https:\/\/kaizenconsultingroup.com\/fr\/jobs\/\">\n\t\t\t\t\t\t<span class=\"elementor-button-content-wrapper\">\n\t\t\t\t\t\t<span class=\"elementor-button-icon\">\n\t\t\t\t<svg aria-hidden=\"true\" class=\"e-font-icon-svg e-fas-search\" viewbox=\"0 0 512 512\" xmlns=\"http:\/\/www.w3.org\/2000\/svg\"><path d=\"M505 442.7L405.3 343c-4.5-4.5-10.6-7-17-7H372c27.6-35.3 44-79.7 44-128C416 93.1 322.9 0 208 0S0 93.1 0 208s93.1 208 208 208c48.3 0 92.7-16.4 128-44v16.3c0 6.4 2.5 12.5 7 17l99.7 99.7c9.4 9.4 24.6 9.4 33.9 0l28.3-28.3c9.4-9.4 9.4-24.6.1-34zM208 336c-70.7 0-128-57.2-128-128 0-70.7 57.2-128 128-128 70.7 0 128 57.2 128 128 0 70.7-57.2 128-128 128z\"><\/path><\/svg>\t\t\t<\/span>\n\t\t\t\t\t\t\t\t\t<span class=\"elementor-button-text\">Voir plus<\/span>\n\t\t\t\t\t<\/span>\n\t\t\t\t\t<\/a>\n\t\t<\/div>\n\t\t\t\t<\/div>\n\t\t\t\t<\/div>\n\t\t\t\t\t<\/div>\n\t\t\t\t<\/div>\n\t\t\t\t<\/div>","protected":false},"excerpt":{"rendered":"<p>\u00ab Votre r\u00e9ussite professionnelle commence avec nous. \u00bb Trouvez votre prochaine opportunit\u00e9 professionnelle Mot-cl\u00e9 Adresse Recherchez maintenant Bienvenue chez KAIZEN CONSULTING Nous sommes un bureau de placement proche de chez vous pour vous aider \u00e0 trouver ce que vous recherchez. Tout type de travaux, faites confiance \u00e0 Kaizen Consulting pour votre carri\u00e8re. Adresse : 6299 Rue de la Villanelle, Montr\u00e9al, QC H1S 1W2 (Sur rendez-vous) Num\u00e9ro de t\u00e9l\u00e9phone : (438)686-1780<\/p>","protected":false},"author":2,"featured_media":17351,"parent":0,"menu_order":0,"comment_status":"closed","ping_status":"closed","template":"elementor_header_footer","meta":{"footnotes":""},"_links":{"self":[{"href":"https:\/\/kaizenconsultingroup.com\/fr\/wp-json\/wp\/v2\/pages\/17001"}],"collection":[{"href":"https:\/\/kaizenconsultingroup.com\/fr\/wp-json\/wp\/v2\/pages"}],"about":[{"href":"https:\/\/kaizenconsultingroup.com\/fr\/wp-json\/wp\/v2\/types\/page"}],"author":[{"embeddable":true,"href":"https:\/\/kaizenconsultingroup.com\/fr\/wp-json\/wp\/v2\/users\/2"}],"replies":[{"embeddable":true,"href":"https:\/\/kaizenconsultingroup.com\/fr\/wp-json\/wp\/v2\/comments?post=17001"}],"version-history":[{"count":111,"href":"https:\/\/kaizenconsultingroup.com\/fr\/wp-json\/wp\/v2\/pages\/17001\/revisions"}],"predecessor-version":[{"id":17657,"href":"https:\/\/kaizenconsultingroup.com\/fr\/wp-json\/wp\/v2\/pages\/17001\/revisions\/17657"}],"wp:featuredmedia":[{"embeddable":true,"href":"https:\/\/kaizenconsultingroup.com\/fr\/wp-json\/wp\/v2\/media\/17351"}],"wp:attachment":[{"href":"https:\/\/kaizenconsultingroup.com\/fr\/wp-json\/wp\/v2\/media?parent=17001"}],"curies":[{"name":"wp","href":"https:\/\/api.w.org\/{rel}","templated":true}]}}